{"id":7425,"date":"2021-10-13T17:06:05","date_gmt":"2021-10-13T15:06:05","guid":{"rendered":"https:\/\/www.confiserietriki.com?product=boite-metallique-halva-excellence"},"modified":"2021-11-15T09:34:27","modified_gmt":"2021-11-15T08:34:27","slug":"boite-metallique-halva-excellence","status":"publish","type":"product","link":"https:\/\/www.confiserietriki.com\/?product=boite-metallique-halva-excellence&lang=fr","title":{"rendered":"Halwa Excellence"},"content":{"rendered":"<table style=\"height: 207px;\" width=\"100%\">\n<tbody>\n<tr>\n<th style=\"text-align: center;\"><\/th>\n<th style=\"text-align: center;\"><strong>Poids net (kg)<\/strong><\/th>\n<th style=\"text-align: center;\"><strong>Poids brut (kg)<\/strong><\/th>\n<\/tr>\n<tr>\n<td style=\"text-align: center;\">Halwa Le Moulin Excellence.<\/td>\n<td style=\"text-align: center;\">2<\/td>\n<td style=\"text-align: center;\">2,25<\/td>\n<\/tr>\n<\/tbody>\n<\/table>\n","protected":false},"excerpt":{"rendered":"<h6 style=\"margin-top: 25%;\">P\u00e2te de s\u00e9same richement garnie en pistaches et amandes, id\u00e9ale pour offrir<\/h6>\n","protected":false},"featured_media":8527,"comment_status":"closed","ping_status":"closed","template":"","meta":[],"_links":{"self":[{"href":"https:\/\/www.confiserietriki.com\/index.php?rest_route=\/wp\/v2\/product\/7425"}],"collection":[{"href":"https:\/\/www.confiserietriki.com\/index.php?rest_route=\/wp\/v2\/product"}],"about":[{"href":"https:\/\/www.confiserietriki.com\/index.php?rest_route=\/wp\/v2\/types\/product"}],"replies":[{"embeddable":true,"href":"https:\/\/www.confiserietriki.com\/index.php?rest_route=%2Fwp%2Fv2%2Fcomments&post=7425"}],"wp:featuredmedia":[{"embeddable":true,"href":"https:\/\/www.confiserietriki.com\/index.php?rest_route=\/wp\/v2\/media\/8527"}],"wp:attachment":[{"href":"https:\/\/www.confiserietriki.com\/index.php?rest_route=%2Fwp%2Fv2%2Fmedia&parent=7425"}],"curies":[{"name":"wp","href":"https:\/\/api.w.org\/{rel}","templated":true}]}}