{"id":7430,"date":"2021-10-13T16:27:46","date_gmt":"2021-10-13T14:27:46","guid":{"rendered":"https:\/\/www.confiserietriki.com?product=boite-plastique-halva-au-chocolat"},"modified":"2021-11-15T09:36:29","modified_gmt":"2021-11-15T08:36:29","slug":"boite-plastique-halva-au-chocolat","status":"publish","type":"product","link":"https:\/\/www.confiserietriki.com\/?product=boite-plastique-halva-au-chocolat&lang=fr","title":{"rendered":"Boite en plastique &#8211; Halwa au chocolat"},"content":{"rendered":"<table style=\"height: 207px;\" width=\"100%\">\n<tbody>\n<tr>\n<th style=\"text-align: center;\"><\/th>\n<th style=\"text-align: center;\"><strong>Carton<\/strong><\/th>\n<th style=\"text-align: center;\"><strong>Poids net (kg)<\/strong><\/th>\n<th style=\"text-align: center;\"><strong>Poids brut (kg)<\/strong><\/th>\n<\/tr>\n<tr>\n<td style=\"text-align: center;\" rowspan=\"2\">Halwa Le Moulin au chocolat\/<\/td>\n<td style=\"text-align: center;\">350 gr x 36 boites<\/td>\n<td style=\"text-align: center;\">12,6<\/td>\n<td style=\"text-align: center;\">13,9<\/td>\n<\/tr>\n<tr>\n<td style=\"text-align: center;\">550 gr x 24 boites<\/td>\n<td style=\"text-align: center;\">13,2<\/td>\n<td style=\"text-align: center;\">14,6<\/td>\n<\/tr>\n<\/tbody>\n<\/table>\n","protected":false},"excerpt":{"rendered":"<h6 style=\"margin-top: 25%;\">P\u00e2te de s\u00e9same au chocolat disponible en 2 poids diff\u00e9rents : <br \/>350 gr et 550 gr.<\/h6>\n","protected":false},"featured_media":8520,"comment_status":"closed","ping_status":"closed","template":"","meta":[],"_links":{"self":[{"href":"https:\/\/www.confiserietriki.com\/index.php?rest_route=\/wp\/v2\/product\/7430"}],"collection":[{"href":"https:\/\/www.confiserietriki.com\/index.php?rest_route=\/wp\/v2\/product"}],"about":[{"href":"https:\/\/www.confiserietriki.com\/index.php?rest_route=\/wp\/v2\/types\/product"}],"replies":[{"embeddable":true,"href":"https:\/\/www.confiserietriki.com\/index.php?rest_route=%2Fwp%2Fv2%2Fcomments&post=7430"}],"wp:featuredmedia":[{"embeddable":true,"href":"https:\/\/www.confiserietriki.com\/index.php?rest_route=\/wp\/v2\/media\/8520"}],"wp:attachment":[{"href":"https:\/\/www.confiserietriki.com\/index.php?rest_route=%2Fwp%2Fv2%2Fmedia&parent=7430"}],"curies":[{"name":"wp","href":"https:\/\/api.w.org\/{rel}","templated":true}]}}