{"id":7431,"date":"2021-09-28T10:10:21","date_gmt":"2021-09-28T08:10:21","guid":{"rendered":"https:\/\/www.confiserietriki.com?product=ballon-tendre-cerise"},"modified":"2021-11-15T09:26:29","modified_gmt":"2021-11-15T08:26:29","slug":"ballon-tendre-cerise","status":"publish","type":"product","link":"https:\/\/www.confiserietriki.com\/?product=ballon-tendre-cerise&lang=fr","title":{"rendered":"Ballon tendre"},"content":{"rendered":"<table style=\"height: 207px;\" width=\"100%\">\n<tbody>\n<tr>\n<th style=\"text-align: center;\"><\/th>\n<th style=\"text-align: center;\"><strong>Carton<\/strong><\/th>\n<th style=\"text-align: center;\"><strong>Poids net (kg)<\/strong><\/th>\n<th style=\"text-align: center;\"><strong>Poids brut (kg)<\/strong><\/th>\n<\/tr>\n<tr>\n<td style=\"text-align: center;\" rowspan=\"2\">Ballon Tendre : bonbons p\u00e2te \u00e0 m\u00e2cher.<\/p>\n<p>Ar\u00f4mes : cerise, p\u00eache, past\u00e8que, fraise, regular ( tutti frutti)<\/td>\n<td style=\"text-align: center;\">12 bo\u00eetes x 80 pi\u00e8ces<\/td>\n<td style=\"text-align: center;\">6,432<\/td>\n<td style=\"text-align: center;\">7,300<\/td>\n<\/tr>\n<\/tbody>\n<\/table>\n","protected":false},"excerpt":{"rendered":"<h6 style=\"margin-top: 25%;\">Bonbons p\u00e2te \u00e0 m\u00e2cher aromatis\u00e9s :<br \/>\nCerise, p\u00eache, past\u00e8que, fraise, regular.<\/h6>\n","protected":false},"featured_media":7857,"comment_status":"closed","ping_status":"closed","template":"","meta":[],"_links":{"self":[{"href":"https:\/\/www.confiserietriki.com\/index.php?rest_route=\/wp\/v2\/product\/7431"}],"collection":[{"href":"https:\/\/www.confiserietriki.com\/index.php?rest_route=\/wp\/v2\/product"}],"about":[{"href":"https:\/\/www.confiserietriki.com\/index.php?rest_route=\/wp\/v2\/types\/product"}],"replies":[{"embeddable":true,"href":"https:\/\/www.confiserietriki.com\/index.php?rest_route=%2Fwp%2Fv2%2Fcomments&post=7431"}],"wp:featuredmedia":[{"embeddable":true,"href":"https:\/\/www.confiserietriki.com\/index.php?rest_route=\/wp\/v2\/media\/7857"}],"wp:attachment":[{"href":"https:\/\/www.confiserietriki.com\/index.php?rest_route=%2Fwp%2Fv2%2Fmedia&parent=7431"}],"curies":[{"name":"wp","href":"https:\/\/api.w.org\/{rel}","templated":true}]}}