{"id":7435,"date":"2021-09-27T17:22:08","date_gmt":"2021-09-27T15:22:08","guid":{"rendered":"https:\/\/www.confiserietriki.com?product=boite-plastique-halva-aux-pistaches"},"modified":"2021-11-15T09:36:58","modified_gmt":"2021-11-15T08:36:58","slug":"boite-plastique-halva-aux-pistaches","status":"publish","type":"product","link":"https:\/\/www.confiserietriki.com\/?product=boite-plastique-halva-aux-pistaches&lang=fr","title":{"rendered":"Boite en plastique &#8211; Halwa aux pistaches"},"content":{"rendered":"<table style=\"height: 207px;\" width=\"100%\">\n<tbody>\n<tr>\n<th style=\"text-align: center;\"><\/th>\n<th style=\"text-align: center;\"><strong>Carton<\/strong><\/th>\n<th style=\"text-align: center;\"><strong>Poids net (kg)<\/strong><\/th>\n<th style=\"text-align: center;\"><strong>Poids brut (kg)<\/strong><\/th>\n<\/tr>\n<tr>\n<td style=\"text-align: center;\" rowspan=\"3\">Halwa Le Moulin aux pistaches.<\/td>\n<td style=\"text-align: center;\">200 gr x 24 boites<\/td>\n<td style=\"text-align: center;\">4,8<\/td>\n<td style=\"text-align: center;\">5,43<\/td>\n<\/tr>\n<tr>\n<td style=\"text-align: center;\">350 gr x 36 boites<\/td>\n<td style=\"text-align: center;\">12,6<\/td>\n<td style=\"text-align: center;\">13,9<\/td>\n<\/tr>\n<tr>\n<td style=\"text-align: center;\">550 gr x 24 boites<\/td>\n<td style=\"text-align: center;\">13,2<\/td>\n<td style=\"text-align: center;\">14,6<\/td>\n<\/tr>\n<\/tbody>\n<\/table>\n","protected":false},"excerpt":{"rendered":"<h6 style=\"margin-top: 25%;\">P\u00e2te de s\u00e9same aux pistaches disponible en diff\u00e9rents poids :<br \/>\n200 gr, 350 gr et 550 gr.<\/h6>\n","protected":false},"featured_media":6812,"comment_status":"closed","ping_status":"closed","template":"","meta":[],"_links":{"self":[{"href":"https:\/\/www.confiserietriki.com\/index.php?rest_route=\/wp\/v2\/product\/7435"}],"collection":[{"href":"https:\/\/www.confiserietriki.com\/index.php?rest_route=\/wp\/v2\/product"}],"about":[{"href":"https:\/\/www.confiserietriki.com\/index.php?rest_route=\/wp\/v2\/types\/product"}],"replies":[{"embeddable":true,"href":"https:\/\/www.confiserietriki.com\/index.php?rest_route=%2Fwp%2Fv2%2Fcomments&post=7435"}],"wp:featuredmedia":[{"embeddable":true,"href":"https:\/\/www.confiserietriki.com\/index.php?rest_route=\/wp\/v2\/media\/6812"}],"wp:attachment":[{"href":"https:\/\/www.confiserietriki.com\/index.php?rest_route=%2Fwp%2Fv2%2Fmedia&parent=7435"}],"curies":[{"name":"wp","href":"https:\/\/api.w.org\/{rel}","templated":true}]}}