{"id":7447,"date":"2021-09-27T16:53:56","date_gmt":"2021-09-27T14:53:56","guid":{"rendered":"https:\/\/www.confiserietriki.com?product=boite-en-metal-halva-plain"},"modified":"2021-11-15T09:35:52","modified_gmt":"2021-11-15T08:35:52","slug":"boite-en-metal-halva-plain","status":"publish","type":"product","link":"https:\/\/www.confiserietriki.com\/?product=boite-en-metal-halva-plain&lang=fr","title":{"rendered":"P\u00e2te halwa nature"},"content":{"rendered":"<table style=\"height: 207px;\" width=\"100%\">\n<tbody>\n<tr>\n<th style=\"text-align: center;\"><\/th>\n<th style=\"text-align: center;\"><strong>Poids net (kg)<\/strong><\/th>\n<th style=\"text-align: center;\"><strong>Poids brut (kg)<\/strong><\/th>\n<\/tr>\n<tr>\n<td style=\"text-align: center;\">Halwa Nature Le Moulin.<\/td>\n<td style=\"text-align: center;\">5<\/td>\n<td style=\"text-align: center;\">5,4<\/td>\n<\/tr>\n<\/tbody>\n<\/table>\n<p>&nbsp; <\/p>\n","protected":false},"excerpt":{"rendered":"<h6 style=\"margin-top: 25%;\">P\u00e2te de s\u00e9same nature disponible en bo\u00eete de 5 kg.<\/h6>\n","protected":false},"featured_media":8535,"comment_status":"closed","ping_status":"closed","template":"","meta":[],"_links":{"self":[{"href":"https:\/\/www.confiserietriki.com\/index.php?rest_route=\/wp\/v2\/product\/7447"}],"collection":[{"href":"https:\/\/www.confiserietriki.com\/index.php?rest_route=\/wp\/v2\/product"}],"about":[{"href":"https:\/\/www.confiserietriki.com\/index.php?rest_route=\/wp\/v2\/types\/product"}],"replies":[{"embeddable":true,"href":"https:\/\/www.confiserietriki.com\/index.php?rest_route=%2Fwp%2Fv2%2Fcomments&post=7447"}],"wp:featuredmedia":[{"embeddable":true,"href":"https:\/\/www.confiserietriki.com\/index.php?rest_route=\/wp\/v2\/media\/8535"}],"wp:attachment":[{"href":"https:\/\/www.confiserietriki.com\/index.php?rest_route=%2Fwp%2Fv2%2Fmedia&parent=7447"}],"curies":[{"name":"wp","href":"https:\/\/api.w.org\/{rel}","templated":true}]}}