{"id":7616,"date":"2021-10-14T16:09:22","date_gmt":"2021-10-14T14:09:22","guid":{"rendered":"https:\/\/www.confiserietriki.com?product=super-jumbo"},"modified":"2026-03-30T11:25:16","modified_gmt":"2026-03-30T09:25:16","slug":"super-jumbo","status":"publish","type":"product","link":"https:\/\/www.confiserietriki.com\/?product=super-jumbo&lang=fr","title":{"rendered":"Super jumbo"},"content":{"rendered":"<table style=\"height: 207px;\" width=\"100%\">\n<tbody>\n<tr>\n<th style=\"text-align: center;\"><\/th>\n<th style=\"text-align: center;\"><strong>Carton<\/strong><\/th>\n<th style=\"text-align: center;\"><strong>Poids net (kg)<\/strong><\/th>\n<th style=\"text-align: center;\"><strong>Poids brut (kg)<\/strong><\/th>\n<\/tr>\n<tr>\n<td style=\"text-align: center;\" rowspan=\"2\">Bubble gum Super Jumbo :<br \/>\nBubble gum billes drag\u00e9ifi\u00e9es aromatis\u00e9es aututti frutti.<\/td>\n<td style=\"text-align: center;\">6 pr\u00e9sentoirs x 100 mini flowpack x 4 pi\u00e8ces<\/td>\n<td style=\"text-align: center;\">4,680<\/td>\n<td style=\"text-align: center;\">5,740<\/td>\n<\/tr>\n<\/tbody>\n<\/table>\n<p>&nbsp; <\/p>\n","protected":false},"excerpt":{"rendered":"<h6 style=\"margin-top: 25%;\">Bubble gum billes color\u00e9es<br \/>\n<br \/>Saveur : Tutti Frutii<br \/>\n<\/h6>\n","protected":false},"featured_media":7687,"comment_status":"closed","ping_status":"closed","template":"","meta":[],"_links":{"self":[{"href":"https:\/\/www.confiserietriki.com\/index.php?rest_route=\/wp\/v2\/product\/7616"}],"collection":[{"href":"https:\/\/www.confiserietriki.com\/index.php?rest_route=\/wp\/v2\/product"}],"about":[{"href":"https:\/\/www.confiserietriki.com\/index.php?rest_route=\/wp\/v2\/types\/product"}],"replies":[{"embeddable":true,"href":"https:\/\/www.confiserietriki.com\/index.php?rest_route=%2Fwp%2Fv2%2Fcomments&post=7616"}],"wp:featuredmedia":[{"embeddable":true,"href":"https:\/\/www.confiserietriki.com\/index.php?rest_route=\/wp\/v2\/media\/7687"}],"wp:attachment":[{"href":"https:\/\/www.confiserietriki.com\/index.php?rest_route=%2Fwp%2Fv2%2Fmedia&parent=7616"}],"curies":[{"name":"wp","href":"https:\/\/api.w.org\/{rel}","templated":true}]}}