{"id":7683,"date":"2021-10-19T15:36:05","date_gmt":"2021-10-19T13:36:05","guid":{"rendered":"https:\/\/www.confiserietriki.com?post_type=product&#038;p=7683"},"modified":"2021-11-15T09:24:07","modified_gmt":"2021-11-15T08:24:07","slug":"petit-moulin-bonbon-fruits-assortis-copy-2","status":"publish","type":"product","link":"https:\/\/www.confiserietriki.com\/?product=petit-moulin-bonbon-fruits-assortis-copy-2&lang=fr","title":{"rendered":"Bonbons GO!"},"content":{"rendered":"<table style=\"height: 207px;\" width=\"100%\">\n<tbody>\n<tr>\n<th style=\"text-align: center;\"><\/th>\n<th style=\"text-align: center;\"><strong>Carton<\/strong><\/th>\n<th style=\"text-align: center;\"><strong>Poids Net (kg)<\/strong><\/th>\n<th style=\"text-align: center;\"><strong>Poids Brut (kg)<\/strong><\/th>\n<\/tr>\n<tr>\n<td rowspan=\"3\">\n<p style=\"text-align: center;\">Bonbons Go! avec sucre.<\/p>\n<p style=\"text-align: center;\">Ar\u00f4me : menthe.<\/p>\n<\/td>\n<td style=\"text-align: center;\">8 pr\u00e9sentoirs x 24 blisters x 19,2gr<\/td>\n<td style=\"text-align: center;\">3,680<\/td>\n<td style=\"text-align: center;\">4,180<\/td>\n<\/tr>\n<\/tbody>\n<\/table>\n","protected":false},"excerpt":{"rendered":"<h6 style=\"margin-top: 25%;\">Bonbons Go! : bonbons durs aromatis\u00e9s \u00e0 la menthe et emball\u00e9s en blister.<\/h6>\n","protected":false},"featured_media":7685,"comment_status":"closed","ping_status":"closed","template":"","meta":[],"_links":{"self":[{"href":"https:\/\/www.confiserietriki.com\/index.php?rest_route=\/wp\/v2\/product\/7683"}],"collection":[{"href":"https:\/\/www.confiserietriki.com\/index.php?rest_route=\/wp\/v2\/product"}],"about":[{"href":"https:\/\/www.confiserietriki.com\/index.php?rest_route=\/wp\/v2\/types\/product"}],"replies":[{"embeddable":true,"href":"https:\/\/www.confiserietriki.com\/index.php?rest_route=%2Fwp%2Fv2%2Fcomments&post=7683"}],"wp:featuredmedia":[{"embeddable":true,"href":"https:\/\/www.confiserietriki.com\/index.php?rest_route=\/wp\/v2\/media\/7685"}],"wp:attachment":[{"href":"https:\/\/www.confiserietriki.com\/index.php?rest_route=%2Fwp%2Fv2%2Fmedia&parent=7683"}],"curies":[{"name":"wp","href":"https:\/\/api.w.org\/{rel}","templated":true}]}}