{"id":8237,"date":"2021-11-05T15:16:09","date_gmt":"2021-11-05T14:16:09","guid":{"rendered":"https:\/\/www.confiserietriki.com?post_type=product&#038;p=8237"},"modified":"2021-11-15T09:34:41","modified_gmt":"2021-11-15T08:34:41","slug":"halwa-le-moulin-nature-copy","status":"publish","type":"product","link":"https:\/\/www.confiserietriki.com\/?product=halwa-le-moulin-nature-copy&lang=fr","title":{"rendered":"Halwa aux Amandes Le Moulin"},"content":{"rendered":"<p>&nbsp;<\/p>\n<table style=\"height: 207px;\" width=\"100%\">\n<tbody>\n<tr>\n<th style=\"text-align: center;\"><\/th>\n<th style=\"text-align: center;\"><strong>Poids net (kg)<\/strong><\/th>\n<th style=\"text-align: center;\"><strong>Poids brut(kg)<\/strong><\/th>\n<\/tr>\n<tr>\n<td style=\"text-align: center;\">Halwa aux amandes.<\/td>\n<td style=\"text-align: center;\">2<\/td>\n<td style=\"text-align: center;\">2,25<\/td>\n<\/tr>\n<\/tbody>\n<\/table>\n","protected":false},"excerpt":{"rendered":"<h6 style=\"margin-top: 25%;\">P\u00e2te de s\u00e9same garnie aux amandes disponible en bo\u00eete de 2 kg.<\/h6>\n","protected":false},"featured_media":8521,"comment_status":"closed","ping_status":"closed","template":"","meta":[],"_links":{"self":[{"href":"https:\/\/www.confiserietriki.com\/index.php?rest_route=\/wp\/v2\/product\/8237"}],"collection":[{"href":"https:\/\/www.confiserietriki.com\/index.php?rest_route=\/wp\/v2\/product"}],"about":[{"href":"https:\/\/www.confiserietriki.com\/index.php?rest_route=\/wp\/v2\/types\/product"}],"replies":[{"embeddable":true,"href":"https:\/\/www.confiserietriki.com\/index.php?rest_route=%2Fwp%2Fv2%2Fcomments&post=8237"}],"wp:featuredmedia":[{"embeddable":true,"href":"https:\/\/www.confiserietriki.com\/index.php?rest_route=\/wp\/v2\/media\/8521"}],"wp:attachment":[{"href":"https:\/\/www.confiserietriki.com\/index.php?rest_route=%2Fwp%2Fv2%2Fmedia&parent=8237"}],"curies":[{"name":"wp","href":"https:\/\/api.w.org\/{rel}","templated":true}]}}