{"id":8242,"date":"2021-11-05T15:47:49","date_gmt":"2021-11-05T14:47:49","guid":{"rendered":"https:\/\/www.confiserietriki.com?post_type=product&#038;p=8242"},"modified":"2021-11-15T09:34:35","modified_gmt":"2021-11-15T08:34:35","slug":"pate-halwa-nature-copy","status":"publish","type":"product","link":"https:\/\/www.confiserietriki.com\/?product=pate-halwa-nature-copy&lang=fr","title":{"rendered":"Halwa Le Moulin aux Amandes"},"content":{"rendered":"<table style=\"height: 207px;\" width=\"100%\">\n<tbody>\n<tr>\n<th style=\"text-align: center;\"><\/th>\n<th style=\"text-align: center;\"><strong>Poids net (kg)<\/strong><\/th>\n<th style=\"text-align: center;\"><strong>Poids brut (kg)<\/strong><\/th>\n<\/tr>\n<tr>\n<td style=\"text-align: center;\">Halwa Le Moulin aux amandes.<\/td>\n<td style=\"text-align: center;\">5<\/td>\n<td style=\"text-align: center;\">5,4<\/td>\n<\/tr>\n<\/tbody>\n<\/table>\n","protected":false},"excerpt":{"rendered":"<h6 style=\"margin-top: 25%;\">P\u00e2te de s\u00e9same garnie aux amandes disponible en bo\u00eete de 5 kg<\/h6>\n","protected":false},"featured_media":8533,"comment_status":"closed","ping_status":"closed","template":"","meta":[],"_links":{"self":[{"href":"https:\/\/www.confiserietriki.com\/index.php?rest_route=\/wp\/v2\/product\/8242"}],"collection":[{"href":"https:\/\/www.confiserietriki.com\/index.php?rest_route=\/wp\/v2\/product"}],"about":[{"href":"https:\/\/www.confiserietriki.com\/index.php?rest_route=\/wp\/v2\/types\/product"}],"replies":[{"embeddable":true,"href":"https:\/\/www.confiserietriki.com\/index.php?rest_route=%2Fwp%2Fv2%2Fcomments&post=8242"}],"wp:featuredmedia":[{"embeddable":true,"href":"https:\/\/www.confiserietriki.com\/index.php?rest_route=\/wp\/v2\/media\/8533"}],"wp:attachment":[{"href":"https:\/\/www.confiserietriki.com\/index.php?rest_route=%2Fwp%2Fv2%2Fmedia&parent=8242"}],"curies":[{"name":"wp","href":"https:\/\/api.w.org\/{rel}","templated":true}]}}